{"id":206,"date":"2026-04-26T14:49:44","date_gmt":"2026-04-26T14:49:44","guid":{"rendered":"http:\/\/demo.techfindme.xyz\/phu-kien-roi-he-thong-hmse-loai-b"},"modified":"2026-04-26T14:49:44","modified_gmt":"2026-04-26T14:49:44","slug":"phu-kien-roi-he-thong-hmse-loai-b","status":"publish","type":"product","link":"https:\/\/demo.techfindme.xyz\/phu-kien-roi-he-thong-hmse-loai-b","title":{"rendered":"Ph\u1ee5 ki\u1ec7n r\u1eddi h\u1ec7 th\u1ed1ng HMSE lo\u1ea1i B"},"content":{"rendered":"<p>S\u1ea3n ph\u1ea9m demo ph\u00f9 h\u1ee3p danh m\u1ee5c Loose Leaf c\u1ee7a HMSE. C\u00f3 th\u1ec3 ch\u1ec9nh s\u1eeda l\u1ea1i n\u1ed9i dung, gi\u00e1 v\u00e0 h\u00ecnh \u1ea3nh trong qu\u1ea3n tr\u1ecb.<\/p>\n","protected":false},"excerpt":{"rendered":"<p>S\u1ea3n ph\u1ea9m demo HMSE<\/p>\n","protected":false},"featured_media":0,"comment_status":"open","ping_status":"closed","template":"","meta":[],"product_brand":[],"product_cat":[32],"product_tag":[],"class_list":{"0":"post-206","1":"product","2":"type-product","3":"status-publish","5":"product_cat-loose-leaf","7":"first","8":"instock","9":"shipping-taxable","10":"purchasable","11":"product-type-simple"},"_links":{"self":[{"href":"https:\/\/demo.techfindme.xyz\/index.php?rest_route=\/wp\/v2\/product\/206","targetHints":{"allow":["GET"]}}],"collection":[{"href":"https:\/\/demo.techfindme.xyz\/index.php?rest_route=\/wp\/v2\/product"}],"about":[{"href":"https:\/\/demo.techfindme.xyz\/index.php?rest_route=\/wp\/v2\/types\/product"}],"replies":[{"embeddable":true,"href":"https:\/\/demo.techfindme.xyz\/index.php?rest_route=%2Fwp%2Fv2%2Fcomments&post=206"}],"wp:attachment":[{"href":"https:\/\/demo.techfindme.xyz\/index.php?rest_route=%2Fwp%2Fv2%2Fmedia&parent=206"}],"wp:term":[{"taxonomy":"product_brand","embeddable":true,"href":"https:\/\/demo.techfindme.xyz\/index.php?rest_route=%2Fwp%2Fv2%2Fproduct_brand&post=206"},{"taxonomy":"product_cat","embeddable":true,"href":"https:\/\/demo.techfindme.xyz\/index.php?rest_route=%2Fwp%2Fv2%2Fproduct_cat&post=206"},{"taxonomy":"product_tag","embeddable":true,"href":"https:\/\/demo.techfindme.xyz\/index.php?rest_route=%2Fwp%2Fv2%2Fproduct_tag&post=206"}],"curies":[{"name":"wp","href":"https:\/\/api.w.org\/{rel}","templated":true}]}}