{"id":203,"date":"2026-04-26T14:49:44","date_gmt":"2026-04-26T14:49:44","guid":{"rendered":"http:\/\/demo.techfindme.xyz\/lo-thiet-bi-xa-kho-hmse-02"},"modified":"2026-04-26T14:49:44","modified_gmt":"2026-04-26T14:49:44","slug":"lo-thiet-bi-xa-kho-hmse-02","status":"publish","type":"product","link":"https:\/\/demo.techfindme.xyz\/lo-thiet-bi-xa-kho-hmse-02","title":{"rendered":"L\u00f4 thi\u1ebft b\u1ecb x\u1ea3 kho HMSE 02"},"content":{"rendered":"<p>S\u1ea3n ph\u1ea9m demo ph\u00f9 h\u1ee3p danh m\u1ee5c Last Chance Teas c\u1ee7a HMSE. C\u00f3 th\u1ec3 ch\u1ec9nh s\u1eeda l\u1ea1i n\u1ed9i dung, gi\u00e1 v\u00e0 h\u00ecnh \u1ea3nh trong qu\u1ea3n tr\u1ecb.<\/p>\n","protected":false},"excerpt":{"rendered":"<p>S\u1ea3n ph\u1ea9m demo HMSE<\/p>\n","protected":false},"featured_media":0,"comment_status":"open","ping_status":"closed","template":"","meta":[],"product_brand":[],"product_cat":[36],"product_tag":[],"class_list":{"0":"post-203","1":"product","2":"type-product","3":"status-publish","5":"product_cat-last-chance-teas","7":"first","8":"instock","9":"shipping-taxable","10":"purchasable","11":"product-type-simple"},"_links":{"self":[{"href":"https:\/\/demo.techfindme.xyz\/index.php?rest_route=\/wp\/v2\/product\/203","targetHints":{"allow":["GET"]}}],"collection":[{"href":"https:\/\/demo.techfindme.xyz\/index.php?rest_route=\/wp\/v2\/product"}],"about":[{"href":"https:\/\/demo.techfindme.xyz\/index.php?rest_route=\/wp\/v2\/types\/product"}],"replies":[{"embeddable":true,"href":"https:\/\/demo.techfindme.xyz\/index.php?rest_route=%2Fwp%2Fv2%2Fcomments&post=203"}],"wp:attachment":[{"href":"https:\/\/demo.techfindme.xyz\/index.php?rest_route=%2Fwp%2Fv2%2Fmedia&parent=203"}],"wp:term":[{"taxonomy":"product_brand","embeddable":true,"href":"https:\/\/demo.techfindme.xyz\/index.php?rest_route=%2Fwp%2Fv2%2Fproduct_brand&post=203"},{"taxonomy":"product_cat","embeddable":true,"href":"https:\/\/demo.techfindme.xyz\/index.php?rest_route=%2Fwp%2Fv2%2Fproduct_cat&post=203"},{"taxonomy":"product_tag","embeddable":true,"href":"https:\/\/demo.techfindme.xyz\/index.php?rest_route=%2Fwp%2Fv2%2Fproduct_tag&post=203"}],"curies":[{"name":"wp","href":"https:\/\/api.w.org\/{rel}","templated":true}]}}