{"id":29,"date":"2026-04-25T10:24:44","date_gmt":"2026-04-25T10:24:44","guid":{"rendered":"http:\/\/demo.techfindme.xyz\/?page_id=29"},"modified":"2026-05-05T14:59:48","modified_gmt":"2026-05-05T07:59:48","slug":"gio-hang","status":"publish","type":"page","link":"https:\/\/demo.techfindme.xyz\/?page_id=29","title":{"rendered":"Gi\u1ecf h\u00e0ng"},"content":{"rendered":"\n<div data-block-name=\"woocommerce\/cart\" class=\"wp-block-woocommerce-cart alignwide is-loading\">\n<div data-block-name=\"woocommerce\/filled-cart-block\" class=\"wp-block-woocommerce-filled-cart-block\">\n<div data-block-name=\"woocommerce\/cart-items-block\" class=\"wp-block-woocommerce-cart-items-block\">\n<div data-block-name=\"woocommerce\/cart-line-items-block\" class=\"wp-block-woocommerce-cart-line-items-block\"><\/div>\n\n\n<\/div>\n\n\n\n\n<div data-block-name=\"woocommerce\/cart-totals-block\" class=\"wp-block-woocommerce-cart-totals-block\">\n<div data-block-name=\"woocommerce\/cart-order-summary-block\" class=\"wp-block-woocommerce-cart-order-summary-block\">\n<div data-block-name=\"woocommerce\/cart-order-summary-heading-block\" class=\"wp-block-woocommerce-cart-order-summary-heading-block\"><\/div><div data-block-name=\"woocommerce\/cart-order-summary-coupon-form-block\" class=\"wp-block-woocommerce-cart-order-summary-coupon-form-block\"><\/div><div data-block-name=\"woocommerce\/cart-order-summary-totals-block\" class=\"wp-block-woocommerce-cart-order-summary-totals-block\">\n<div data-block-name=\"woocommerce\/cart-order-summary-subtotal-block\" class=\"wp-block-woocommerce-cart-order-summary-subtotal-block\"><\/div>\n<div data-block-name=\"woocommerce\/cart-order-summary-discount-block\" class=\"wp-block-woocommerce-cart-order-summary-discount-block\"><\/div>\n<div data-block-name=\"woocommerce\/cart-order-summary-fee-block\" class=\"wp-block-woocommerce-cart-order-summary-fee-block\"><\/div>\n<div data-block-name=\"woocommerce\/cart-order-summary-shipping-block\" class=\"wp-block-woocommerce-cart-order-summary-shipping-block\"><\/div>\n<div data-block-name=\"woocommerce\/cart-order-summary-taxes-block\" class=\"wp-block-woocommerce-cart-order-summary-taxes-block\"><\/div><\/div>\n<\/div>\n\n\n\n<div data-block-name=\"woocommerce\/cart-express-payment-block\" class=\"wp-block-woocommerce-cart-express-payment-block\"><\/div>\n\n\n\n<div data-block-name=\"woocommerce\/proceed-to-checkout-block\" class=\"wp-block-woocommerce-proceed-to-checkout-block\"><\/div>\n\n\n\n<div data-block-name=\"woocommerce\/cart-accepted-payment-methods-block\" class=\"wp-block-woocommerce-cart-accepted-payment-methods-block\"><\/div>\n<\/div>\n<\/div>\n\n\n\n<div data-block-name=\"woocommerce\/empty-cart-block\" class=\"wp-block-woocommerce-empty-cart-block\">\n<h2 class=\"wp-block-heading has-text-align-center with-empty-cart-icon wc-block-cart__empty-cart__title\">Your cart is currently empty!<\/h2>\n\n\n\n<hr class=\"wp-block-separator has-alpha-channel-opacity is-style-dots\" \/>\n\n\n\n<h2 class=\"wp-block-heading has-text-align-center\">New in store<\/h2>\n\n\n<div data-block-name=\"woocommerce\/product-new\" data-columns=\"4\" data-rows=\"1\" class=\"wc-block-grid wp-block-product-new wp-block-woocommerce-product-new wc-block-product-new has-4-columns\"><ul class=\"wc-block-grid__products\"><li class=\"wc-block-grid__product\">\n\t\t\t\t<a href=\"https:\/\/demo.techfindme.xyz\/bo-phu-kien-smart-energy-hmse\" class=\"wc-block-grid__product-link\">\n\t\t\t\t\t\n\t\t\t\t\t<div class=\"wc-block-grid__product-image\"><img loading=\"lazy\" decoding=\"async\" width=\"300\" height=\"300\" src=\"https:\/\/demo.techfindme.xyz\/wp-content\/uploads\/woocommerce-placeholder.webp\" class=\"woocommerce-placeholder wp-post-image\" alt=\"\" srcset=\"https:\/\/demo.techfindme.xyz\/wp-content\/uploads\/woocommerce-placeholder.webp 1200w, https:\/\/demo.techfindme.xyz\/wp-content\/uploads\/woocommerce-placeholder-300x300.webp 300w, https:\/\/demo.techfindme.xyz\/wp-content\/uploads\/woocommerce-placeholder-1024x1024.webp 1024w, https:\/\/demo.techfindme.xyz\/wp-content\/uploads\/woocommerce-placeholder-150x150.webp 150w, https:\/\/demo.techfindme.xyz\/wp-content\/uploads\/woocommerce-placeholder-768x768.webp 768w\" sizes=\"auto, (max-width: 300px) 100vw, 300px\" \/><\/div>\n\t\t\t\t\t<div class=\"wc-block-grid__product-title\">B\u1ed9 ph\u1ee5 ki\u1ec7n smart energy HMSE<\/div>\n\t\t\t\t<\/a>\n\t\t\t\t<div class=\"wc-block-grid__product-price price\"><span class=\"woocommerce-Price-amount amount\">730.000<span class=\"woocommerce-Price-currencySymbol\">\u0111<\/span><\/span><\/div>\n\t\t\t\t\n\t\t\t\t<div class=\"wp-block-button wc-block-grid__product-add-to-cart\"><a href=\"\/index.php?rest_route=%2Fwp%2Fv2%2Fpages%2F29&#038;add-to-cart=223\" aria-label=\"Add to cart: &ldquo;B\u1ed9 ph\u1ee5 ki\u1ec7n smart energy HMSE&rdquo;\" data-quantity=\"1\" data-product_id=\"223\" data-product_sku=\"\" data-price=\"730000\" rel=\"nofollow\" class=\"wp-block-button__link  add_to_cart_button ajax_add_to_cart\">Th\u00eam v\u00e0o gi\u1ecf<\/a><\/div>\n\t\t\t<\/li><li class=\"wc-block-grid__product\">\n\t\t\t\t<a href=\"https:\/\/demo.techfindme.xyz\/thiet-bi-thong-minh-hmse-da-nang\" class=\"wc-block-grid__product-link\">\n\t\t\t\t\t\n\t\t\t\t\t<div class=\"wc-block-grid__product-image\"><img loading=\"lazy\" decoding=\"async\" width=\"300\" height=\"300\" src=\"https:\/\/demo.techfindme.xyz\/wp-content\/uploads\/woocommerce-placeholder.webp\" class=\"woocommerce-placeholder wp-post-image\" alt=\"\" srcset=\"https:\/\/demo.techfindme.xyz\/wp-content\/uploads\/woocommerce-placeholder.webp 1200w, https:\/\/demo.techfindme.xyz\/wp-content\/uploads\/woocommerce-placeholder-300x300.webp 300w, https:\/\/demo.techfindme.xyz\/wp-content\/uploads\/woocommerce-placeholder-1024x1024.webp 1024w, https:\/\/demo.techfindme.xyz\/wp-content\/uploads\/woocommerce-placeholder-150x150.webp 150w, https:\/\/demo.techfindme.xyz\/wp-content\/uploads\/woocommerce-placeholder-768x768.webp 768w\" sizes=\"auto, (max-width: 300px) 100vw, 300px\" \/><\/div>\n\t\t\t\t\t<div class=\"wc-block-grid__product-title\">Thi\u1ebft b\u1ecb th\u00f4ng minh HMSE \u0111a n\u0103ng<\/div>\n\t\t\t\t<\/a>\n\t\t\t\t<div class=\"wc-block-grid__product-price price\"><span class=\"woocommerce-Price-amount amount\">610.000<span class=\"woocommerce-Price-currencySymbol\">\u0111<\/span><\/span><\/div>\n\t\t\t\t\n\t\t\t\t<div class=\"wp-block-button wc-block-grid__product-add-to-cart\"><a href=\"\/index.php?rest_route=%2Fwp%2Fv2%2Fpages%2F29&#038;add-to-cart=222\" aria-label=\"Add to cart: &ldquo;Thi\u1ebft b\u1ecb th\u00f4ng minh HMSE \u0111a n\u0103ng&rdquo;\" data-quantity=\"1\" data-product_id=\"222\" data-product_sku=\"\" data-price=\"610000\" rel=\"nofollow\" class=\"wp-block-button__link  add_to_cart_button ajax_add_to_cart\">Th\u00eam v\u00e0o gi\u1ecf<\/a><\/div>\n\t\t\t<\/li><li class=\"wc-block-grid__product\">\n\t\t\t\t<a href=\"https:\/\/demo.techfindme.xyz\/gateway-nha-thong-minh-hmse-pro\" class=\"wc-block-grid__product-link\">\n\t\t\t\t\t\n\t\t\t\t\t<div class=\"wc-block-grid__product-image\"><img loading=\"lazy\" decoding=\"async\" width=\"300\" height=\"300\" src=\"https:\/\/demo.techfindme.xyz\/wp-content\/uploads\/woocommerce-placeholder.webp\" class=\"woocommerce-placeholder wp-post-image\" alt=\"\" srcset=\"https:\/\/demo.techfindme.xyz\/wp-content\/uploads\/woocommerce-placeholder.webp 1200w, https:\/\/demo.techfindme.xyz\/wp-content\/uploads\/woocommerce-placeholder-300x300.webp 300w, https:\/\/demo.techfindme.xyz\/wp-content\/uploads\/woocommerce-placeholder-1024x1024.webp 1024w, https:\/\/demo.techfindme.xyz\/wp-content\/uploads\/woocommerce-placeholder-150x150.webp 150w, https:\/\/demo.techfindme.xyz\/wp-content\/uploads\/woocommerce-placeholder-768x768.webp 768w\" sizes=\"auto, (max-width: 300px) 100vw, 300px\" \/><\/div>\n\t\t\t\t\t<div class=\"wc-block-grid__product-title\">Gateway nh\u00e0 th\u00f4ng minh HMSE Pro<\/div>\n\t\t\t\t<\/a>\n\t\t\t\t<div class=\"wc-block-grid__product-price price\"><span class=\"woocommerce-Price-amount amount\">730.000<span class=\"woocommerce-Price-currencySymbol\">\u0111<\/span><\/span><\/div>\n\t\t\t\t\n\t\t\t\t<div class=\"wp-block-button wc-block-grid__product-add-to-cart\"><a href=\"\/index.php?rest_route=%2Fwp%2Fv2%2Fpages%2F29&#038;add-to-cart=221\" aria-label=\"Add to cart: &ldquo;Gateway nh\u00e0 th\u00f4ng minh HMSE Pro&rdquo;\" data-quantity=\"1\" data-product_id=\"221\" data-product_sku=\"\" data-price=\"730000\" rel=\"nofollow\" class=\"wp-block-button__link  add_to_cart_button ajax_add_to_cart\">Th\u00eam v\u00e0o gi\u1ecf<\/a><\/div>\n\t\t\t<\/li><li class=\"wc-block-grid__product\">\n\t\t\t\t<a href=\"https:\/\/demo.techfindme.xyz\/bo-dieu-khien-trung-tam-hmse-hub\" class=\"wc-block-grid__product-link\">\n\t\t\t\t\t\n\t\t\t\t\t<div class=\"wc-block-grid__product-image\"><img loading=\"lazy\" decoding=\"async\" width=\"300\" height=\"300\" src=\"https:\/\/demo.techfindme.xyz\/wp-content\/uploads\/woocommerce-placeholder.webp\" class=\"woocommerce-placeholder wp-post-image\" alt=\"\" srcset=\"https:\/\/demo.techfindme.xyz\/wp-content\/uploads\/woocommerce-placeholder.webp 1200w, https:\/\/demo.techfindme.xyz\/wp-content\/uploads\/woocommerce-placeholder-300x300.webp 300w, https:\/\/demo.techfindme.xyz\/wp-content\/uploads\/woocommerce-placeholder-1024x1024.webp 1024w, https:\/\/demo.techfindme.xyz\/wp-content\/uploads\/woocommerce-placeholder-150x150.webp 150w, https:\/\/demo.techfindme.xyz\/wp-content\/uploads\/woocommerce-placeholder-768x768.webp 768w\" sizes=\"auto, (max-width: 300px) 100vw, 300px\" \/><\/div>\n\t\t\t\t\t<div class=\"wc-block-grid__product-title\">B\u1ed9 \u0111i\u1ec1u khi\u1ec3n trung t\u00e2m HMSE Hub<\/div>\n\t\t\t\t<\/a>\n\t\t\t\t<div class=\"wc-block-grid__product-price price\"><span class=\"woocommerce-Price-amount amount\">610.000<span class=\"woocommerce-Price-currencySymbol\">\u0111<\/span><\/span><\/div>\n\t\t\t\t\n\t\t\t\t<div class=\"wp-block-button wc-block-grid__product-add-to-cart\"><a href=\"\/index.php?rest_route=%2Fwp%2Fv2%2Fpages%2F29&#038;add-to-cart=220\" aria-label=\"Add to cart: &ldquo;B\u1ed9 \u0111i\u1ec1u khi\u1ec3n trung t\u00e2m HMSE Hub&rdquo;\" data-quantity=\"1\" data-product_id=\"220\" data-product_sku=\"\" data-price=\"610000\" rel=\"nofollow\" class=\"wp-block-button__link  add_to_cart_button ajax_add_to_cart\">Th\u00eam v\u00e0o gi\u1ecf<\/a><\/div>\n\t\t\t<\/li><\/ul><\/div><\/div>\n<\/div>\n","protected":false},"excerpt":{"rendered":"","protected":false},"author":1,"featured_media":0,"parent":0,"menu_order":0,"comment_status":"closed","ping_status":"closed","template":"","meta":{"footnotes":""},"class_list":["post-29","page","type-page","status-publish","hentry"],"_links":{"self":[{"href":"https:\/\/demo.techfindme.xyz\/index.php?rest_route=\/wp\/v2\/pages\/29","targetHints":{"allow":["GET"]}}],"collection":[{"href":"https:\/\/demo.techfindme.xyz\/index.php?rest_route=\/wp\/v2\/pages"}],"about":[{"href":"https:\/\/demo.techfindme.xyz\/index.php?rest_route=\/wp\/v2\/types\/page"}],"author":[{"embeddable":true,"href":"https:\/\/demo.techfindme.xyz\/index.php?rest_route=\/wp\/v2\/users\/1"}],"replies":[{"embeddable":true,"href":"https:\/\/demo.techfindme.xyz\/index.php?rest_route=%2Fwp%2Fv2%2Fcomments&post=29"}],"version-history":[{"count":1,"href":"https:\/\/demo.techfindme.xyz\/index.php?rest_route=\/wp\/v2\/pages\/29\/revisions"}],"predecessor-version":[{"id":133,"href":"https:\/\/demo.techfindme.xyz\/index.php?rest_route=\/wp\/v2\/pages\/29\/revisions\/133"}],"wp:attachment":[{"href":"https:\/\/demo.techfindme.xyz\/index.php?rest_route=%2Fwp%2Fv2%2Fmedia&parent=29"}],"curies":[{"name":"wp","href":"https:\/\/api.w.org\/{rel}","templated":true}]}}